{"id":178,"date":"2020-04-16T19:50:54","date_gmt":"2020-04-16T19:50:54","guid":{"rendered":"https:\/\/server14.chosting.dk\/~httpwwwkristinah\/?page_id=178"},"modified":"2024-12-10T15:30:23","modified_gmt":"2024-12-10T15:30:23","slug":"supervision","status":"publish","type":"page","link":"https:\/\/kristinahedemann.dk\/index.php\/supervision\/","title":{"rendered":"Supervision"},"content":{"rendered":"<p>[et_pb_section fb_built=&#8221;1&#8243; inner_shadow=&#8221;on&#8221; custom_padding_last_edited=&#8221;off|desktop&#8221; admin_label=&#8221;Header Section&#8221; _builder_version=&#8221;4.16&#8243; use_background_color_gradient=&#8221;on&#8221; background_color_gradient_stops=&#8221;#ffffff 0%|rgba(255,255,255,0) 100%&#8221; background_color_gradient_overlays_image=&#8221;on&#8221; background_color_gradient_start=&#8221;#ffffff&#8221; background_color_gradient_end=&#8221;rgba(255,255,255,0)&#8221; background_image=&#8221;https:\/\/kristinahedemann.dk\/wp-content\/uploads\/2020\/05\/DSC_0848-scaled.jpg&#8221; background_blend=&#8221;lighten&#8221; module_alignment=&#8221;center&#8221; custom_margin=&#8221;||1px|||&#8221; custom_padding=&#8221;0%|0px||0px||&#8221; custom_padding_tablet=&#8221;320px|0px|0px|0px&#8221; box_shadow_style=&#8221;preset6&#8243; box_shadow_color=&#8221;#f9f9f9&#8243; global_colors_info=&#8221;{}&#8221;][et_pb_row _builder_version=&#8221;4.16&#8243; global_colors_info=&#8221;{}&#8221;][et_pb_column type=&#8221;4_4&#8243; _builder_version=&#8221;4.16&#8243; global_colors_info=&#8221;{}&#8221;][et_pb_text _builder_version=&#8221;4.27.4&#8243; text_font=&#8221;Open Sans|600|||||||&#8221; text_font_size=&#8221;16px&#8221; text_line_height=&#8221;1.8em&#8221; header_font=&#8221;Oswald|||on|||||&#8221; header_font_size=&#8221;60px&#8221; header_letter_spacing=&#8221;5px&#8221; header_line_height=&#8221;1.4em&#8221; text_orientation=&#8221;center&#8221; max_width=&#8221;700px&#8221; module_alignment=&#8221;center&#8221; animation_style=&#8221;fade&#8221; hover_enabled=&#8221;0&#8243; global_colors_info=&#8221;{}&#8221; sticky_enabled=&#8221;0&#8243;]<\/p>\n<h1><span style=\"color: #000000;\">SUPERVISION<\/span><\/h1>\n<p style=\"text-align: justify;\"><span style=\"color: #000000;\">Jeg har igennem \u00e5rene specialiseret mig i at give supervision og har en bred erfaring med supervision af mennesker, der arbejder professionelt med andre mennesker og med plejefor\u00e6ldre. Jeg har v\u00e6ret supervisor for psykologer, p\u00e6dagoger, st\u00f8ttep\u00e6dagoger, l\u00e6rere og personale ansat p\u00e5 behandlingsinstitutioner med forskelligartede behandlingsopgaver, oftest omsorgssvigtede b\u00f8rn og unge. Jeg har i mange \u00e5r arbejdet t\u00e6t sammen med plejefor\u00e6ldre, der som opgave har skulle facilitere en udviklingsproces hos det anbragte barn og som havde behov for professionel sparring heri.<br \/><\/span><\/p>\n<p>[\/et_pb_text][\/et_pb_column][\/et_pb_row][\/et_pb_section][et_pb_section fb_built=&#8221;1&#8243; admin_label=&#8221;Footer Section&#8221; _builder_version=&#8221;3.22&#8243; background_color=&#8221;#000000&#8243; min_height=&#8221;268px&#8221; custom_padding=&#8221;0px|0px|101px|0px||&#8221; global_module=&#8221;76&#8243; saved_tabs=&#8221;all&#8221; global_colors_info=&#8221;{}&#8221;][et_pb_row column_structure=&#8221;1_3,1_3,1_3&#8243; admin_label=&#8221;Footer Row&#8221; _builder_version=&#8221;4.16&#8243; global_colors_info=&#8221;{}&#8221;][et_pb_column type=&#8221;1_3&#8243; _builder_version=&#8221;4.16&#8243; custom_padding=&#8221;|||&#8221; global_colors_info=&#8221;{}&#8221; custom_padding__hover=&#8221;|||&#8221;][et_pb_text content_tablet=&#8221;&#8221; content_phone=&#8221;&#8221; content_last_edited=&#8221;on|desktop&#8221; admin_label=&#8221;Links&#8221; _builder_version=&#8221;4.16&#8243; text_font=&#8221;Open Sans|600|||||||&#8221; text_text_color=&#8221;#ffffff&#8221; text_line_height=&#8221;1.4em&#8221; link_font=&#8221;Open Sans|600|||||||&#8221; link_text_color=&#8221;#ffffff&#8221; link_line_height=&#8221;2.5em&#8221; header_font=&#8221;||||||||&#8221; header_2_font=&#8221;||||||||&#8221; header_3_font=&#8221;||||||||&#8221; header_6_font=&#8221;Oswald|500||on|||||&#8221; header_6_text_color=&#8221;rgba(255,255,255,0.4)&#8221; header_6_letter_spacing=&#8221;2px&#8221; header_6_line_height=&#8221;1.7em&#8221; background_layout=&#8221;dark&#8221; module_alignment=&#8221;center&#8221; custom_margin=&#8221;|||&#8221; custom_margin_tablet=&#8221;0px|||&#8221; custom_margin_phone=&#8221;|||&#8221; custom_margin_last_edited=&#8221;off|desktop&#8221; custom_padding=&#8221;|27px||||&#8221; text_line_height_last_edited=&#8221;off|desktop&#8221; global_colors_info=&#8221;{}&#8221;]<\/p>\n<h1 class=\"et_pb_module_header et-fb-editable-element et-fb-editable-element__editing\" data-shortcode-id=\"0.0-1586851192276\" data-quickaccess-id=\"title\" contenteditable=\"true\">B\u00d8RNEPSYKOLOGISK<br \/>KLINIK<\/h1>\n<p>[\/et_pb_text][\/et_pb_column][et_pb_column type=&#8221;1_3&#8243; _builder_version=&#8221;4.16&#8243; custom_padding=&#8221;|||&#8221; global_colors_info=&#8221;{}&#8221; custom_padding__hover=&#8221;|||&#8221;][et_pb_text admin_label=&#8221;Links&#8221; _builder_version=&#8221;4.16&#8243; text_font=&#8221;Open Sans|600|||||||&#8221; text_text_color=&#8221;#ffffff&#8221; text_line_height=&#8221;1.4em&#8221; link_font=&#8221;Open Sans|600|||||||&#8221; link_text_color=&#8221;#ffffff&#8221; link_line_height=&#8221;2.5em&#8221; header_font=&#8221;||||||||&#8221; header_2_font=&#8221;||||||||&#8221; header_3_font=&#8221;||||||||&#8221; header_6_font=&#8221;Oswald|500||on|||||&#8221; header_6_text_color=&#8221;rgba(255,255,255,0.4)&#8221; header_6_letter_spacing=&#8221;2px&#8221; header_6_line_height=&#8221;1.7em&#8221; background_layout=&#8221;dark&#8221; module_alignment=&#8221;center&#8221; custom_margin=&#8221;|||&#8221; custom_margin_tablet=&#8221;0px|||&#8221; custom_margin_phone=&#8221;|||&#8221; custom_margin_last_edited=&#8221;off|desktop&#8221; text_line_height_last_edited=&#8221;off|desktop&#8221; global_colors_info=&#8221;{}&#8221;]<\/p>\n<p><strong>Sted:<\/strong><br \/> Algade 28B, stuen<br \/><span style=\"font-size: 14px;\">4000 Roskilde<\/span><\/p>\n<p>Klinikken ligger i Roskilde midtby, t\u00e6t p\u00e5 stationen i en sidegade til Algade.<\/p>\n<p>[\/et_pb_text][\/et_pb_column][et_pb_column type=&#8221;1_3&#8243; _builder_version=&#8221;4.16&#8243; global_colors_info=&#8221;{}&#8221;][et_pb_text admin_label=&#8221;Links&#8221; _builder_version=&#8221;4.16&#8243; text_font=&#8221;Open Sans|600|||||||&#8221; text_text_color=&#8221;#ffffff&#8221; text_line_height=&#8221;1.4em&#8221; link_font=&#8221;Open Sans|600|||||||&#8221; link_text_color=&#8221;#ffffff&#8221; link_line_height=&#8221;2.5em&#8221; header_font=&#8221;||||||||&#8221; header_2_font=&#8221;||||||||&#8221; header_3_font=&#8221;||||||||&#8221; header_6_font=&#8221;Oswald|500||on|||||&#8221; header_6_text_color=&#8221;rgba(255,255,255,0.4)&#8221; header_6_letter_spacing=&#8221;2px&#8221; header_6_line_height=&#8221;1.7em&#8221; background_layout=&#8221;dark&#8221; module_alignment=&#8221;center&#8221; custom_margin=&#8221;|||&#8221; custom_margin_tablet=&#8221;0px|||&#8221; custom_margin_phone=&#8221;|||&#8221; custom_margin_last_edited=&#8221;off|desktop&#8221; text_line_height_last_edited=&#8221;off|desktop&#8221; global_colors_info=&#8221;{}&#8221;]<\/p>\n<p><strong>Telefon<\/strong><\/p>\n<p>2877 8323<\/p>\n<p>Mail:<br \/> psykolog@kristinahedemann.dk<\/p>\n<p>[\/et_pb_text][\/et_pb_column][\/et_pb_row][\/et_pb_section]<\/p>\n","protected":false},"excerpt":{"rendered":"<p>SUPERVISION Jeg har igennem \u00e5rene specialiseret mig i at give supervision og har en bred erfaring med supervision af mennesker, der arbejder professionelt med andre mennesker og med plejefor\u00e6ldre. Jeg har v\u00e6ret supervisor for psykologer, p\u00e6dagoger, st\u00f8ttep\u00e6dagoger, l\u00e6rere og personale ansat p\u00e5 behandlingsinstitutioner med forskelligartede behandlingsopgaver, oftest omsorgssvigtede b\u00f8rn og unge. Jeg har i mange [&hellip;]<\/p>\n","protected":false},"author":1,"featured_media":0,"parent":0,"menu_order":0,"comment_status":"closed","ping_status":"closed","template":"","meta":{"_et_pb_use_builder":"on","_et_pb_old_content":"","_et_gb_content_width":"","footnotes":""},"class_list":["post-178","page","type-page","status-publish","hentry"],"amp_enabled":true,"_links":{"self":[{"href":"https:\/\/kristinahedemann.dk\/index.php\/wp-json\/wp\/v2\/pages\/178","targetHints":{"allow":["GET"]}}],"collection":[{"href":"https:\/\/kristinahedemann.dk\/index.php\/wp-json\/wp\/v2\/pages"}],"about":[{"href":"https:\/\/kristinahedemann.dk\/index.php\/wp-json\/wp\/v2\/types\/page"}],"author":[{"embeddable":true,"href":"https:\/\/kristinahedemann.dk\/index.php\/wp-json\/wp\/v2\/users\/1"}],"replies":[{"embeddable":true,"href":"https:\/\/kristinahedemann.dk\/index.php\/wp-json\/wp\/v2\/comments?post=178"}],"version-history":[{"count":5,"href":"https:\/\/kristinahedemann.dk\/index.php\/wp-json\/wp\/v2\/pages\/178\/revisions"}],"predecessor-version":[{"id":418,"href":"https:\/\/kristinahedemann.dk\/index.php\/wp-json\/wp\/v2\/pages\/178\/revisions\/418"}],"wp:attachment":[{"href":"https:\/\/kristinahedemann.dk\/index.php\/wp-json\/wp\/v2\/media?parent=178"}],"curies":[{"name":"wp","href":"https:\/\/api.w.org\/{rel}","templated":true}]}}