{"id":106,"date":"2020-04-14T12:50:45","date_gmt":"2020-04-14T12:50:45","guid":{"rendered":"https:\/\/178.20.216.115\/~httpwwwkristinah\/?page_id=106"},"modified":"2025-01-02T16:41:25","modified_gmt":"2025-01-02T16:41:25","slug":"priser","status":"publish","type":"page","link":"https:\/\/kristinahedemann.dk\/index.php\/priser\/","title":{"rendered":"Priser\/Betaling"},"content":{"rendered":"<p>[et_pb_section fb_built=&#8221;1&#8243; inner_shadow=&#8221;on&#8221; custom_padding_last_edited=&#8221;off|desktop&#8221; admin_label=&#8221;Header Section&#8221; _builder_version=&#8221;4.16&#8243; use_background_color_gradient=&#8221;on&#8221; background_color_gradient_stops=&#8221;#ffffff 0%|rgba(255,255,255,0) 100%&#8221; background_color_gradient_overlays_image=&#8221;on&#8221; background_color_gradient_start=&#8221;#ffffff&#8221; background_color_gradient_end=&#8221;rgba(255,255,255,0)&#8221; background_image=&#8221;https:\/\/kristinahedemann.dk\/wp-content\/uploads\/2020\/05\/DSC_0831-scaled.jpg&#8221; background_blend=&#8221;lighten&#8221; module_alignment=&#8221;center&#8221; custom_margin=&#8221;||1px|||&#8221; custom_padding=&#8221;0%|0px||0px||&#8221; custom_padding_tablet=&#8221;320px|0px|0px|0px&#8221; box_shadow_style=&#8221;preset6&#8243; box_shadow_color=&#8221;#f9f9f9&#8243; global_colors_info=&#8221;{}&#8221;][et_pb_row _builder_version=&#8221;4.16&#8243; global_colors_info=&#8221;{}&#8221;][et_pb_column type=&#8221;4_4&#8243; _builder_version=&#8221;4.16&#8243; global_colors_info=&#8221;{}&#8221;][et_pb_text module_class=&#8221;leftalign-text-on-mobile&#8221; _builder_version=&#8221;4.27.4&#8243; text_font=&#8221;Open Sans|600|||||||&#8221; text_font_size=&#8221;16px&#8221; text_line_height=&#8221;1.8em&#8221; header_font=&#8221;Oswald|||on|||||&#8221; header_font_size=&#8221;60px&#8221; header_letter_spacing=&#8221;5px&#8221; header_line_height=&#8221;1.4em&#8221; text_orientation=&#8221;center&#8221; max_width=&#8221;750px&#8221; module_alignment=&#8221;center&#8221; animation_style=&#8221;fade&#8221; hover_enabled=&#8221;0&#8243; global_colors_info=&#8221;{}&#8221; sticky_enabled=&#8221;0&#8243;]<\/p>\n<h1 style=\"text-align: left;\"><span style=\"color: #000000;\">Priser og betaling<\/span><\/h1>\n<p style=\"text-align: left;\"><span style=\"color: #000000;\">Klienter med henvisning fra egen l\u00e6ge:<\/span><br \/><span style=\"color: #000000;\">Sygesikringen d\u00e6kker ca. 60% af udgiften. Egenbetalingen udg\u00f8r pr 1.10.2024 ved f\u00f8rste konsultation: 469,86 kr.\/pr. samtale. Ved anden og efterf\u00f8lgende konsultationer er prisen 391,80 kr.\/pr. samtale.<\/span><br \/><span style=\"color: #000000;\">Individuel konsultation ved f\u00f8rste samtale varer 75 min. og derefter varer de i 45 min.<\/span><\/p>\n<p style=\"text-align: left;\"><span style=\"color: #000000;\">Hvis du er mellem 16-24 \u00e5r og er henvist pga. angst eller depression skal du ikke betale noget. Det er gratis. Individuel konsultation varer i 45 min.<\/span><\/p>\n<p style=\"text-align: left;\"><span style=\"color: #000000;\">Du bedes oprette klinikken som fast betaling ved din bank, s\u00e5 du let kan lave en straks overf\u00f8rsel, n\u00e5r sessionen p\u00e5begyndes.<\/span><\/p>\n<p style=\"text-align: left;\"><span style=\"color: #000000;\">Bank oplysninger<\/span><br \/><span style=\"color: #000000;\">reg. nr.: 0525<\/span><br \/><span style=\"color: #000000;\">Konto nr.: 0000330981<\/span><\/p>\n<p style=\"text-align: left;\"><span style=\"color: #000000;\"><strong>Selvbetalere<\/strong>:<\/span><br \/><span style=\"color: #000000;\">Der udstedes en faktura, som du betaler via banken inden 7 dg.<\/span><\/p>\n<p style=\"text-align: left;\"><span style=\"color: #000000;\">En session varer 45 min. og koster 1300 kr.<\/span><\/p>\n<p style=\"text-align: left;\"><span style=\"color: #000000;\">For\u00e6ldresamtaler varer 60 min. og koster 2000 kr.<\/span><\/p>\n<p style=\"text-align: left;\"><strong><span style=\"color: #000000;\">Bank oplysninger<\/span><\/strong><br \/><span style=\"color: #000000;\">reg. nr.: 0525<\/span><br \/><span style=\"color: #000000;\">Konto nr.: 0000330981<\/span><\/p>\n<p style=\"text-align: left;\"><span style=\"color: #000000;\">Hvis du er medlem af Sygesikringen Danmark, vil du kunne f\u00e5 en refusion pr. samtale. Jeg indberetter elektronisk til dem.<\/span><br \/><span style=\"color: #000000;\">Yderligere oplysninger findes her.<a href=\"https:\/\/www.sygeforsikring.dk\/tilskud\/psykologhjaelp\"> (https:\/\/www.sygeforsikring.dk\/tilskud\/psykologhjaelp)<\/a><\/span><\/p>\n<p style=\"text-align: left;\"><span style=\"color: #000000;\">Hvis du er d\u00e6kket af andre, herunder en sundhedsforsikring, arbejdsplads, kommune eller anden instans, betaler du fakturaen direkte til mig, men indberetter det til dem, som efterf\u00f8lgende refunderer dig.<\/span><\/p>\n<p style=\"text-align: left;\"><strong><span style=\"color: #000000;\">Priser for supervision:<\/span><\/strong><br \/><span style=\"color: #000000;\">Individuel supervision: 1500 kr. (60 min.)<\/span><br \/><span style=\"color: #000000;\">Gruppesupervision 2-5 pers.: 2000 kr. (60 min.)<\/span><\/p>\n<p style=\"text-align: left;\"><strong><span style=\"color: #000000;\">Priser for unders\u00f8gelser:<\/span><\/strong><br \/><span style=\"color: #000000;\">Unders\u00f8gelserne priss\u00e6ttes individuelt. Prisen fasts\u00e6ttes ud fra f\u00f8lgende faktorer: Antal personer, hvilken landsdel de kommer fra \u2013 hvor langt skal der k\u00f8res. Indholdet af opdraget \u2013 jo mere detaljeret og jo flere punkter som skal unders\u00f8ges, jo l\u00e6ngere tid og jo flere timer vil en unders\u00f8gelse tage. Omfanget af sagsakter. Antal aflysninger.<\/span><\/p>\n<p>[\/et_pb_text][\/et_pb_column][\/et_pb_row][et_pb_row _builder_version=&#8221;4.16&#8243; global_colors_info=&#8221;{}&#8221;][et_pb_column type=&#8221;4_4&#8243; _builder_version=&#8221;4.16&#8243; global_colors_info=&#8221;{}&#8221;][et_pb_cta title=&#8221;Afbudsregler&#8221; button_text=&#8221;Klik&#8221; _builder_version=&#8221;4.16&#8243; global_colors_info=&#8221;{}&#8221;]<\/p>\n<p style=\"text-align: justify;\">Afbud eller \u00e6ndring af en tid bedes foretaget hurtigst muligt og<span>\u00a0<\/span><strong>senest kl. 16 dagen f\u00f8r din aftale<\/strong>.<br \/> Jeg forbeholder mig retten til at opkr\u00e6ve et bel\u00f8b, der svarer til det fulde honorar, s\u00e5fremt afbuddene ikke sker inden for ovenst\u00e5ende tid. Jeg foretr\u00e6kker at du melder afbud pr. mail eller\u00a0sms til mig. Jeg tjekker min mobil og mail hver dag \u2013 sidste gang lige inden kl 16 \u2013 ogs\u00e5 om s\u00f8ndagen.<\/p>\n<p>[\/et_pb_cta][\/et_pb_column][\/et_pb_row][\/et_pb_section][et_pb_section fb_built=&#8221;1&#8243; admin_label=&#8221;Footer Section&#8221; _builder_version=&#8221;3.22&#8243; background_color=&#8221;#000000&#8243; min_height=&#8221;268px&#8221; custom_padding=&#8221;0px|0px|101px|0px||&#8221; global_module=&#8221;76&#8243; saved_tabs=&#8221;all&#8221; global_colors_info=&#8221;{}&#8221;][et_pb_row column_structure=&#8221;1_3,1_3,1_3&#8243; admin_label=&#8221;Footer Row&#8221; _builder_version=&#8221;4.16&#8243; global_colors_info=&#8221;{}&#8221;][et_pb_column type=&#8221;1_3&#8243; _builder_version=&#8221;4.16&#8243; custom_padding=&#8221;|||&#8221; global_colors_info=&#8221;{}&#8221; custom_padding__hover=&#8221;|||&#8221;][et_pb_text content_tablet=&#8221;&#8221; content_phone=&#8221;&#8221; content_last_edited=&#8221;on|desktop&#8221; admin_label=&#8221;Links&#8221; _builder_version=&#8221;4.16&#8243; text_font=&#8221;Open Sans|600|||||||&#8221; text_text_color=&#8221;#ffffff&#8221; text_line_height=&#8221;1.4em&#8221; link_font=&#8221;Open Sans|600|||||||&#8221; link_text_color=&#8221;#ffffff&#8221; link_line_height=&#8221;2.5em&#8221; header_font=&#8221;||||||||&#8221; header_2_font=&#8221;||||||||&#8221; header_3_font=&#8221;||||||||&#8221; header_6_font=&#8221;Oswald|500||on|||||&#8221; header_6_text_color=&#8221;rgba(255,255,255,0.4)&#8221; header_6_letter_spacing=&#8221;2px&#8221; header_6_line_height=&#8221;1.7em&#8221; background_layout=&#8221;dark&#8221; module_alignment=&#8221;center&#8221; custom_margin=&#8221;|||&#8221; custom_margin_tablet=&#8221;0px|||&#8221; custom_margin_phone=&#8221;|||&#8221; custom_margin_last_edited=&#8221;off|desktop&#8221; custom_padding=&#8221;|27px||||&#8221; text_line_height_last_edited=&#8221;off|desktop&#8221; global_colors_info=&#8221;{}&#8221;]<\/p>\n<h1 class=\"et_pb_module_header et-fb-editable-element et-fb-editable-element__editing\" data-shortcode-id=\"0.0-1586851192276\" data-quickaccess-id=\"title\" contenteditable=\"true\">B\u00d8RNEPSYKOLOGISK<br \/>KLINIK<\/h1>\n<p>[\/et_pb_text][\/et_pb_column][et_pb_column type=&#8221;1_3&#8243; _builder_version=&#8221;4.16&#8243; custom_padding=&#8221;|||&#8221; global_colors_info=&#8221;{}&#8221; custom_padding__hover=&#8221;|||&#8221;][et_pb_text admin_label=&#8221;Links&#8221; _builder_version=&#8221;4.16&#8243; text_font=&#8221;Open Sans|600|||||||&#8221; text_text_color=&#8221;#ffffff&#8221; text_line_height=&#8221;1.4em&#8221; link_font=&#8221;Open Sans|600|||||||&#8221; link_text_color=&#8221;#ffffff&#8221; link_line_height=&#8221;2.5em&#8221; header_font=&#8221;||||||||&#8221; header_2_font=&#8221;||||||||&#8221; header_3_font=&#8221;||||||||&#8221; header_6_font=&#8221;Oswald|500||on|||||&#8221; header_6_text_color=&#8221;rgba(255,255,255,0.4)&#8221; header_6_letter_spacing=&#8221;2px&#8221; header_6_line_height=&#8221;1.7em&#8221; background_layout=&#8221;dark&#8221; module_alignment=&#8221;center&#8221; custom_margin=&#8221;|||&#8221; custom_margin_tablet=&#8221;0px|||&#8221; custom_margin_phone=&#8221;|||&#8221; custom_margin_last_edited=&#8221;off|desktop&#8221; text_line_height_last_edited=&#8221;off|desktop&#8221; global_colors_info=&#8221;{}&#8221;]<\/p>\n<p><strong>Sted:<\/strong><br \/> Algade 28B, stuen<br \/><span style=\"font-size: 14px;\">4000 Roskilde<\/span><\/p>\n<p>Klinikken ligger i Roskilde midtby, t\u00e6t p\u00e5 stationen i en sidegade til Algade.<\/p>\n<p>[\/et_pb_text][\/et_pb_column][et_pb_column type=&#8221;1_3&#8243; _builder_version=&#8221;4.16&#8243; global_colors_info=&#8221;{}&#8221;][et_pb_text admin_label=&#8221;Links&#8221; _builder_version=&#8221;4.16&#8243; text_font=&#8221;Open Sans|600|||||||&#8221; text_text_color=&#8221;#ffffff&#8221; text_line_height=&#8221;1.4em&#8221; link_font=&#8221;Open Sans|600|||||||&#8221; link_text_color=&#8221;#ffffff&#8221; link_line_height=&#8221;2.5em&#8221; header_font=&#8221;||||||||&#8221; header_2_font=&#8221;||||||||&#8221; header_3_font=&#8221;||||||||&#8221; header_6_font=&#8221;Oswald|500||on|||||&#8221; header_6_text_color=&#8221;rgba(255,255,255,0.4)&#8221; header_6_letter_spacing=&#8221;2px&#8221; header_6_line_height=&#8221;1.7em&#8221; background_layout=&#8221;dark&#8221; module_alignment=&#8221;center&#8221; custom_margin=&#8221;|||&#8221; custom_margin_tablet=&#8221;0px|||&#8221; custom_margin_phone=&#8221;|||&#8221; custom_margin_last_edited=&#8221;off|desktop&#8221; text_line_height_last_edited=&#8221;off|desktop&#8221; global_colors_info=&#8221;{}&#8221;]<\/p>\n<p><strong>Telefon<\/strong><\/p>\n<p>2877 8323<\/p>\n<p>Mail:<br \/> psykolog@kristinahedemann.dk<\/p>\n<p>[\/et_pb_text][\/et_pb_column][\/et_pb_row][\/et_pb_section]<\/p>\n","protected":false},"excerpt":{"rendered":"<p>Priser og betaling Klienter med henvisning fra egen l\u00e6ge:Sygesikringen d\u00e6kker ca. 60% af udgiften. Egenbetalingen udg\u00f8r pr 1.10.2024 ved f\u00f8rste konsultation: 469,86 kr.\/pr. samtale. Ved anden og efterf\u00f8lgende konsultationer er prisen 391,80 kr.\/pr. samtale.Individuel konsultation ved f\u00f8rste samtale varer 75 min. og derefter varer de i 45 min. Hvis du er mellem 16-24 \u00e5r og [&hellip;]<\/p>\n","protected":false},"author":1,"featured_media":0,"parent":0,"menu_order":0,"comment_status":"closed","ping_status":"closed","template":"","meta":{"_et_pb_use_builder":"on","_et_pb_old_content":"","_et_gb_content_width":"","footnotes":""},"class_list":["post-106","page","type-page","status-publish","hentry"],"amp_enabled":true,"_links":{"self":[{"href":"https:\/\/kristinahedemann.dk\/index.php\/wp-json\/wp\/v2\/pages\/106","targetHints":{"allow":["GET"]}}],"collection":[{"href":"https:\/\/kristinahedemann.dk\/index.php\/wp-json\/wp\/v2\/pages"}],"about":[{"href":"https:\/\/kristinahedemann.dk\/index.php\/wp-json\/wp\/v2\/types\/page"}],"author":[{"embeddable":true,"href":"https:\/\/kristinahedemann.dk\/index.php\/wp-json\/wp\/v2\/users\/1"}],"replies":[{"embeddable":true,"href":"https:\/\/kristinahedemann.dk\/index.php\/wp-json\/wp\/v2\/comments?post=106"}],"version-history":[{"count":5,"href":"https:\/\/kristinahedemann.dk\/index.php\/wp-json\/wp\/v2\/pages\/106\/revisions"}],"predecessor-version":[{"id":426,"href":"https:\/\/kristinahedemann.dk\/index.php\/wp-json\/wp\/v2\/pages\/106\/revisions\/426"}],"wp:attachment":[{"href":"https:\/\/kristinahedemann.dk\/index.php\/wp-json\/wp\/v2\/media?parent=106"}],"curies":[{"name":"wp","href":"https:\/\/api.w.org\/{rel}","templated":true}]}}